{"id":228,"date":"2025-01-03T11:10:58","date_gmt":"2025-01-03T11:10:58","guid":{"rendered":"https:\/\/www.mooof.be\/scootermuseum\/?page_id=228"},"modified":"2025-12-15T08:53:25","modified_gmt":"2025-12-15T08:53:25","slug":"rondritten","status":"publish","type":"page","link":"https:\/\/www.scooterworld.be\/fr\/rondritten\/","title":{"rendered":"Les visites guid\u00e9es"},"content":{"rendered":"<p>Avec notre club TOF (Toys of the 50's), nous organisons chaque ann\u00e9e un tour en scooter \u00e0 travers la Flandre occidentale et la Flandre z\u00e9landaise.<\/p>\nLa prochaine excursion est pr\u00e9vue le dimanche 30 ao\u00fbt 2026 dans la zone du ruisseau. Point de d\u00e9part : Oostkerke (Siphon). Vous voulez y participer ? Envoyez un courriel \u00e0 <a href=\"mailto: toysofthe50s@gmail.com\">info@scooterworld.be<\/a> pour plus d'informations.\n<p><strong>Sur cette page, vous trouverez quelques photos d'ambiance de nos pr\u00e9c\u00e9dentes tourn\u00e9es.<\/strong><\/p>\n<p>&nbsp;<\/p>\n<p><a href=\"https:\/\/www.scooterworld.be\/fr\/verkoop-sales\/\">Nouveau<\/a>Les visiteurs peuvent \u00e9galement se procurer des badges comm\u00e9moratifs uniques, des badges solaires et un livret sur la collection Scooterworld.<\/p>\n\t\t\t\t\t\t\t<h3>Next: 30\/08\/2026 &#8211; Oostkerke (Siphon) &#8211; Krekengebied<\/h3>\n\t\t\t\t\t\t\t<div id=\"attachment_1595\" style=\"width: 310px\" class=\"wp-caption alignnone\"><a href=\"https:\/\/maps.app.goo.gl\/pfuszcb34gZgLzXU6\"><img loading=\"lazy\" decoding=\"async\" aria-describedby=\"caption-attachment-1595\" src=\"https:\/\/www.scooterworld.be\/wp-content\/uploads\/2025\/10\/Siphon-300x215.jpg\" alt=\"\" width=\"300\" height=\"215\" \/><\/a><p id=\"caption-attachment-1595\" class=\"wp-caption-text\">Gratis parking toegestaan &#8211; mogelijkheid tot ontbijt<\/p><\/div>\t\t\t\t\t\t\t\t\t\t\t\t\t\n\t\t\t\t\t\t\t<h3>Nieuwpoort-Vleteren 2025<\/h3>\n\t\t\t\t\t\t\t<p><img loading=\"lazy\" decoding=\"async\" src=\"https:\/\/www.scooterworld.be\/wp-content\/uploads\/2025\/09\/8-300x169.jpg\" alt=\"\" width=\"300\" height=\"169\" \/><\/p>\t\t\t\t\t\t\t<a href=\"https:\/\/photos.app.goo.gl\/2BCXLBY2HiSHswL56\" target=\"_blank\">Voir l'album photo<\/a>\t\t\t\t\t\t\n\t\t\t\t\t\t\t<h3>Diksmuide 2024<\/h3>\n\t\t\t\t\t\t\t<p><img loading=\"lazy\" decoding=\"async\" src=\"https:\/\/www.scooterworld.be\/wp-content\/uploads\/2025\/01\/Scherm\u00adafbeelding-2025-01-04-om-18.07.32-300x157.png\" alt=\"\" width=\"300\" height=\"157\" \/><\/p>\t\t\t\t\t\t\t<a href=\"https:\/\/photos.app.goo.gl\/n8g2Tf989FW1nV6b9\" target=\"_blank\">Voir l'album photo <\/a>\t\t\t\t\t\t\n\t\t\t\t\t\t\t<h3>Bruges 2023<\/h3>\n\t\t\t\t\t\t\t<p><img loading=\"lazy\" decoding=\"async\" src=\"https:\/\/www.scooterworld.be\/wp-content\/uploads\/2025\/01\/Brugge_2023-300x158.jpg\" alt=\"\" width=\"300\" height=\"158\" \/><\/p>\t\t\t\t\t\t\t<a href=\"https:\/\/photos.google.com\/share\/AF1QipPuTkUbtLlMN1-qUBBFpUzzOAUHv8xg6DDSVpShMA2grIsVDd10C93m242bB56XOQ?key=R0UtTTVOekVJSy03c2xwVHdfMFhvU2ZWYVhsSjBR\" target=\"_blank\">Voir l'album photo <\/a>\t\t\t\t\t\t\n\t\t\t\t\t\t\t<h3>Bruges 2023<\/h3>\n\t\t\t\t\t\t\t<p><img loading=\"lazy\" decoding=\"async\" src=\"https:\/\/www.scooterworld.be\/wp-content\/uploads\/2025\/01\/Scherm\u00adafbeelding-2025-01-04-om-18.13.28-300x162.png\" alt=\"\" width=\"300\" height=\"162\" \/><\/p>\t\t\t\t\t\t\t<a href=\"https:\/\/photos.google.com\/share\/AF1QipOSS1kKb7lrCkmfL7OKf9SJiFzd59WpWatDRS8gN0LMNJxY-5bDxBIA7z1VqE6HEg?key=OG9vanNGVmVySXYzQVQ5Q0g4dHdZZHZHSDEyWHF3\" target=\"_blank\">Voir la vid\u00e9o<\/a>\t\t\t\t\t\t\n\t\t\t\t\t\t\t<h3>Breskens 2022<\/h3>\n\t\t\t\t\t\t\t<p><img loading=\"lazy\" decoding=\"async\" src=\"https:\/\/www.scooterworld.be\/wp-content\/uploads\/2025\/01\/Scherm\u00adafbeelding-2025-01-04-om-18.15.15-300x153.png\" alt=\"\" width=\"300\" height=\"153\" \/><\/p>\t\t\t\t\t\t\t<a href=\"https:\/\/photos.google.com\/share\/AF1QipOIgIb0kU_GSMeclGwul80utWwbMXg25lKFLcl_yP3gfJ-1gjSrMrgY7o0GF1f78g?key=R1ZHVVk0NHJkYlZIQkcwWmdnaTMtU0kwaXUyVnV3\" target=\"_blank\">Voir l'album photo<\/a>\t\t\t\t\t\t\n\t\t\t\t\t\t\t<h3>Bruges 2019<\/h3>\n\t\t\t\t\t\t\t<p><img loading=\"lazy\" decoding=\"async\" src=\"https:\/\/www.scooterworld.be\/wp-content\/uploads\/2025\/01\/2019_brugge-300x158.jpg\" alt=\"\" width=\"300\" height=\"158\" \/><\/p>\t\t\t\t\t\t\t<a href=\"https:\/\/photos.google.com\/share\/AF1QipNG4yr2dd5uZDclCKVAfPlDO-a_Cjsv4xRiJOS0gbYQhutkUoWqwHknxO_dItmY8w?key=eVROY0ppMERrYU5LUWtXMk1RdGFoUlBHMWxBMEd3\" target=\"_blank\">Voir l'album photo<\/a>\t\t\t\t\t\t\n\t\t\t\t\t\t\t<h3>Damme 2017<\/h3>\n\t\t\t\t\t\t\t<p><img loading=\"lazy\" decoding=\"async\" src=\"https:\/\/www.scooterworld.be\/wp-content\/uploads\/2025\/01\/damme_2017-300x184.webp\" alt=\"\" width=\"300\" height=\"184\" \/><\/p>\t\t\t\t\t\t\t<a href=\"https:\/\/photos.google.com\/share\/AF1QipPVl_KABurBDezcueY-sB4VWX1RHkO88tyHZuPPuoaeqsgA2ocj4uYUqoA2iE4lMA?key=TExZcjZ3cThMMFJJMVdSX0tWUERvZzdaQ0w0WGl3\" target=\"_blank\">Voir l'album photo<\/a>\t\t\t\t\t\t\n\t\t\t\t\t\t\t<h3>Diksmuide 2015<\/h3>\n\t\t\t\t\t\t\t<p><img loading=\"lazy\" decoding=\"async\" src=\"https:\/\/www.scooterworld.be\/wp-content\/uploads\/2025\/01\/diksmuide_2015-300x158.jpg\" alt=\"\" width=\"300\" height=\"158\" \/><\/p>\t\t\t\t\t\t\t<a href=\"https:\/\/photos.google.com\/share\/AF1QipMJuETPKlHEP5CQEV8rue2jg-HOlv8iNYTOuPTdfkV8_UuP0hxhuBw3HCq8oDNoSw?key=MU9qZ003dWdjWGNEbkgtRmVCVGY1WGJXMFJtYTBR\" target=\"_blank\">Voir l'album photo<\/a>\t\t\t\t\t\t\n\t\t\t\t\t\t\t<h3>Damme 2011<\/h3>\n\t\t\t\t\t\t\t<p><img loading=\"lazy\" decoding=\"async\" src=\"https:\/\/www.scooterworld.be\/wp-content\/uploads\/2025\/01\/Damme_2011-300x158.jpg\" alt=\"\" width=\"300\" height=\"158\" \/><\/p>\t\t\t\t\t\t\t<a href=\"https:\/\/photos.google.com\/share\/AF1QipP78dxDuz8_4CWWvs4j19rLLtufddh5kFGq_P8T06HmoEnck0bWp7UE_UC7SJtAfw?key=d3oyVWE4cGdhZy02NHBuVkVsRGZQS2FKMlh1Zy1n\" target=\"_blank\">Voir l'album photo<\/a>\t\t\t\t\t\t\n\t\t\t\t\t\t\t<h3>Diksmuide 2009<\/h3>\n\t\t\t\t\t\t\t<p><img loading=\"lazy\" decoding=\"async\" src=\"https:\/\/www.scooterworld.be\/wp-content\/uploads\/2025\/01\/Diksmuide_2009-1-300x158.jpg\" alt=\"\" width=\"300\" height=\"158\" \/><\/p>\t\t\t\t\t\t\t<a href=\"https:\/\/photos.google.com\/share\/AF1QipPv7kEE7LD0lvUAaY34RF_m78YXKm-hpUnO2iyU9yicGaOUNJifEp-u-A0H3MU6Eg?key=eXFEQXZHM1FjQklMNXk1TTZ2V1h1M2lIWERYZWNB\" target=\"_blank\">Voir l'album photo<\/a>\t\t\t\t\t\t\n\t\t\t\t\t\t\t<h3>Damme 2004<\/h3>\n\t\t\t\t\t\t\t<p><img loading=\"lazy\" decoding=\"async\" src=\"https:\/\/www.scooterworld.be\/wp-content\/uploads\/2025\/01\/Damme_2004-300x158.jpg\" alt=\"\" width=\"300\" height=\"158\" \/><\/p>\t\t\t\t\t\t\t<a href=\"https:\/\/photos.google.com\/share\/AF1QipN5WN3CK_kDXz6Si0bQ_oXe6dZZcCXbfJwtfr2AQQu3Fen6BqmsM_vTtVKwClx_6A?key=Rll3MC1ZaVdkUkE4R0ZEakp0S0dQcGZyd0o0YnBB\" target=\"_blank\">Voir l'album photo<\/a>\t\t\t\t\t\t\n\t\t\t\t\t\t\t<h3>Bruges 2002<\/h3>\n\t\t\t\t\t\t\t<p><img loading=\"lazy\" decoding=\"async\" src=\"https:\/\/www.scooterworld.be\/wp-content\/uploads\/2025\/01\/Brugge_2002-300x158.jpg\" alt=\"\" width=\"300\" height=\"158\" \/><\/p>\t\t\t\t\t\t\t<a href=\"https:\/\/photos.google.com\/share\/AF1QipNsKUj3Dyla9BD_waFYJzQMDcpn7G1BsJQW2M_HZylVXwghNMWgMlhv8WrsBoElPw?key=RFNWUHZ5QU4ybjVOLTVrOUJUY0lHejNxMTlMZ1d3\" target=\"_blank\">Voir l'album photo<\/a>","protected":false},"excerpt":{"rendered":"<p>Met onze club TOF (Toys of the 50&#8217;s) organiseren we jaarlijks een scooterrondrit door West-Vlaanderen en Zeeuws-Vlaanderen. De volgende rondrit is gepland op zondag 30 augustus 2026 door het krekengebied. Startplaats Oostkerke (Siphon). Wil je er graag bij zijn? Stuur dan een email naar info@scooterworld.be voor bijkomende inlichtingen. Op deze pagina vind je alvast enkele&hellip;<\/p>","protected":false},"author":1,"featured_media":0,"parent":0,"menu_order":0,"comment_status":"closed","ping_status":"closed","template":"","meta":{"_acf_changed":false,"_seopress_robots_primary_cat":"","_seopress_titles_title":"Rondrit met de TOF Boys \u2013 Sfeerbeelden van de ritten met de scooterclub","_seopress_titles_desc":"Met onze club TOF (Toys of the 50's) organiseren we jaarlijks een scooterrondrit door West-Vlaanderen en Zeeuws-Vlaanderen. Bekijk hier de foto's","_seopress_robots_index":"","_seopress_analysis_target_kw":"TOF boys scooterclub,TOF boys rondrit,scooterclub Belgi\u00eb,scooter rondrit Belgi\u00eb,sfeerbeelden TOF boys,TOF boys sfeerfoto's,scootercommunity Belgi\u00eb,Belgische scooterclubs,TOF boys ritten,scooterliefhebbers Belgi\u00eb,TOF boys 2025,scooter events Belgi\u00eb,rondrit scooterclub,foto\u2019s scooterclub ritten,Belgische scooter fans,TOF boys scooter evenementen,TOF boys fotoshoot,scooter ritten Belgi\u00eb,vriendschap scooterclub,Belgische scooterclub,scooterclub foto\u2019s,TOF boys rondritten,scooterclub Belgi\u00eb foto's,scooter uitjes Belgi\u00eb,scooterfanatics Belgi\u00eb,scooter community Belgi\u00eb,TOF boys en scooter passie,TOF boys scooter fotos,Belgische scooter sfeerbeelden,scooterclub rondrit foto's,sfeer van scooter rondrit,TOF boys in actie,TOF boys Belgi\u00eb scooterclub","footnotes":""},"class_list":["post-228","page","type-page","status-publish","hentry"],"acf":[],"_links":{"self":[{"href":"https:\/\/www.scooterworld.be\/fr\/wp-json\/wp\/v2\/pages\/228","targetHints":{"allow":["GET"]}}],"collection":[{"href":"https:\/\/www.scooterworld.be\/fr\/wp-json\/wp\/v2\/pages"}],"about":[{"href":"https:\/\/www.scooterworld.be\/fr\/wp-json\/wp\/v2\/types\/page"}],"author":[{"embeddable":true,"href":"https:\/\/www.scooterworld.be\/fr\/wp-json\/wp\/v2\/users\/1"}],"replies":[{"embeddable":true,"href":"https:\/\/www.scooterworld.be\/fr\/wp-json\/wp\/v2\/comments?post=228"}],"version-history":[{"count":11,"href":"https:\/\/www.scooterworld.be\/fr\/wp-json\/wp\/v2\/pages\/228\/revisions"}],"predecessor-version":[{"id":1634,"href":"https:\/\/www.scooterworld.be\/fr\/wp-json\/wp\/v2\/pages\/228\/revisions\/1634"}],"wp:attachment":[{"href":"https:\/\/www.scooterworld.be\/fr\/wp-json\/wp\/v2\/media?parent=228"}],"curies":[{"name":"wp","href":"https:\/\/api.w.org\/{rel}","templated":true}]}}