{"id":213,"date":"2025-01-03T09:35:50","date_gmt":"2025-01-03T09:35:50","guid":{"rendered":"https:\/\/www.mooof.be\/scootermuseum\/?page_id=213"},"modified":"2025-10-17T13:21:10","modified_gmt":"2025-10-17T13:21:10","slug":"contact","status":"publish","type":"page","link":"https:\/\/www.scooterworld.be\/fr\/contact\/","title":{"rendered":"Contact"},"content":{"rendered":"<p><strong>Envie d'une sortie sp\u00e9ciale avec vos amis scooters vintage ?<\/strong><\/p>\n<p>Alors, passez nous voir et d\u00e9couvrez le monde fascinant des scooters au fil des ans ! Prenez rendez-vous et laissez-vous surprendre par notre vaste collection priv\u00e9e.<\/p>\n<p><strong>Nous nous r\u00e9jouissons de vous accueillir pour un voyage unique \u00e0 travers l'histoire du scooter !<\/strong><\/p>\n\t<p><strong>Scooter World est une initiative priv\u00e9e destin\u00e9e exclusivement aux amateurs de scooters anciens et n'est pas ouverte au grand public.<\/strong><\/p>\n<strong>La collection de scooters est visible uniquement sur rendez-vous.<\/strong><br \/>\n<strong>Une visite standard dure environ 1 heure.<\/strong><br \/>\n<strong>Vous pouvez demander votre visite par courrier \u00e0 <a href=\"mailto:info@scooterworld.be\">info@scooterworld.be<\/a><\/strong>\n<p>&nbsp;<\/p>\n<p><a href=\"https:\/\/www.scooterworld.be\/fr\/verkoop-sales\/\">Nouveau<\/a>Les visiteurs peuvent \u00e9galement se procurer des badges comm\u00e9moratifs uniques, des badges solaires et un livret sur la collection Scooterworld.<\/p>\n\t<h3>Parking \u00e0 proximit\u00e9<\/h3>\n\tParking de l'ancien Saint John's\n<ul>\n<li dir=\"ltr\" role=\"presentation\">\u00e0 2 minutes \u00e0 pied<\/li>\n<li dir=\"ltr\" role=\"presentation\">taux 2,5 euros\/heure<\/li>\n<\/ul>\n\tParking de bord Bevrijdingslaan\n<ul>\n<li dir=\"ltr\" role=\"presentation\">\u00e0 20 minutes de marche<\/li>\n<li dir=\"ltr\" role=\"presentation\">Gratuit<\/li>\n<\/ul>\n\tParking 't Zand\n<ul>\n<li dir=\"ltr\" role=\"presentation\">\u00e0 2 minutes \u00e0 pied<\/li>\n<li dir=\"ltr\" role=\"presentation\"> jusqu'\u00e0 1 heure = gratuit<\/li>\n<li dir=\"ltr\" role=\"presentation\">tarif 3,8 euros\/2 heures ; 5,8 euros\/3 heures<\/li>\n<\/ul>\n\tParking de la gare\u00a0\n<ul>\n<li dir=\"ltr\" role=\"presentation\">\u00e0 9 minutes \u00e0 pied<\/li>\n<li dir=\"ltr\" role=\"presentation\">taux 1,2 euro\/heure<\/li>\n<\/ul>","protected":false},"excerpt":{"rendered":"<p>Envie d'une sortie sp\u00e9ciale avec vos amis scooters vintage ? Alors venez d\u00e9couvrir le monde fascinant des scooters \u00e0 travers les ann\u00e9es ! Prenez rendez-vous et laissez-vous surprendre par notre vaste collection priv\u00e9e. Nous nous r\u00e9jouissons de vous accueillir pour un voyage unique \u00e0 travers l'histoire du scooter ! Scooter...<\/p>","protected":false},"author":1,"featured_media":0,"parent":0,"menu_order":0,"comment_status":"closed","ping_status":"closed","template":"","meta":{"_acf_changed":false,"_seopress_robots_primary_cat":"","_seopress_titles_title":"Bezoek Scooter World in Brugge \u2013 Voor Scooterfans van alle leeftijden","_seopress_titles_desc":"Ben je op zoek naar een bijzondere uitstap met je oldtimer-scootervrienden? Kom dan langs en ontdek de rijke geschiedenis van scooters door de jaren heen!","_seopress_robots_index":"","_seopress_analysis_target_kw":"scootermuseum,scooter museum,scooter tour,scooter tickets,scooter uitje,bezoek scootermuseum,scootermuseum adres,scootermuseum locatie,routebeschrijving scootermuseum,scooterliefhebbers,geschiedenis van scooters,scootermuseum openingstijden,museum voor scooters,scooter evenement,contact scootermuseum,scootermuseum contact,scooter fan,familie uitje,museum voor motoren,scootermuseum nabij,scootermuseum in de buurt,scooters in de geschiedenis,iconen van de scooterindustrie","footnotes":""},"class_list":["post-213","page","type-page","status-publish","hentry"],"acf":[],"_links":{"self":[{"href":"https:\/\/www.scooterworld.be\/fr\/wp-json\/wp\/v2\/pages\/213","targetHints":{"allow":["GET"]}}],"collection":[{"href":"https:\/\/www.scooterworld.be\/fr\/wp-json\/wp\/v2\/pages"}],"about":[{"href":"https:\/\/www.scooterworld.be\/fr\/wp-json\/wp\/v2\/types\/page"}],"author":[{"embeddable":true,"href":"https:\/\/www.scooterworld.be\/fr\/wp-json\/wp\/v2\/users\/1"}],"replies":[{"embeddable":true,"href":"https:\/\/www.scooterworld.be\/fr\/wp-json\/wp\/v2\/comments?post=213"}],"version-history":[{"count":17,"href":"https:\/\/www.scooterworld.be\/fr\/wp-json\/wp\/v2\/pages\/213\/revisions"}],"predecessor-version":[{"id":1618,"href":"https:\/\/www.scooterworld.be\/fr\/wp-json\/wp\/v2\/pages\/213\/revisions\/1618"}],"wp:attachment":[{"href":"https:\/\/www.scooterworld.be\/fr\/wp-json\/wp\/v2\/media?parent=213"}],"curies":[{"name":"wp","href":"https:\/\/api.w.org\/{rel}","templated":true}]}}