{"id":17,"date":"2024-12-08T20:52:01","date_gmt":"2024-12-08T20:52:01","guid":{"rendered":"https:\/\/www.scootermuseum.be\/?page_id=17"},"modified":"2025-10-17T12:35:05","modified_gmt":"2025-10-17T12:35:05","slug":"scooterworld","status":"publish","type":"page","link":"https:\/\/www.scooterworld.be\/fr\/","title":{"rendered":"Scooter World Bruges"},"content":{"rendered":"<img decoding=\"async\" src=\"http:\/\/www.scooterworld.be\/wp-content\/uploads\/2025\/01\/Minerva.webp\" alt=\"Minerva\" itemprop=\"image\" title=\"Minerve\" onerror=\"this.style.display='none'\">\n\t\t\t<a href=\"https:\/\/www.scooterworld.be\/fr\/contact\/\" target=\"_self\">\n\t\t\t\t\t\t\tContact\n\t\t\t\t\t<\/a>\n\t\t\t\t<img decoding=\"async\" src=\"http:\/\/www.scootermuseum.be\/wp-content\/uploads\/2024\/12\/scooterworld_brugge.png\" alt=\"scooterworld_brugge\" itemprop=\"image\" title=\"scooterworld_brugge\" onerror=\"this.style.display='none'\">\n\t\t\t\t<img decoding=\"async\" src=\"https:\/\/www.scooterworld.be\/wp-content\/plugins\/bb-plugin\/img\/pixel.png\" alt=\"\" itemprop=\"image\" onerror=\"this.style.display='none'\">\n\t\t\t<a href=\"https:\/\/www.scooterworld.be\/fr\/collectie\/\" target=\"_self\">\n\t\t\t\t\t\t\tCollection\n\t\t\t\t\t<\/a>\n\t\t\t<a href=\"https:\/\/www.scooterworld.be\/fr\/rondritten\/\" target=\"_self\">\n\t\t\t\t\t\t\tLes man\u00e8ges\n\t\t\t\t\t<\/a>\n\t<h1><strong>D\u00e9couvrez notre collection de scooters \u00e0 Bruges<\/strong><\/h1>\n<p>Scooter World est une initiative priv\u00e9e destin\u00e9e exclusivement aux amateurs de scooters anciens, et n'est donc pas ouverte au grand public. Vous y d\u00e9couvrirez l'histoire fascinante des scooters \u00e0 travers une collection unique datant des ann\u00e9es 1950, avec des mod\u00e8les du monde entier. Des Vespas embl\u00e9matiques aux \u00e9l\u00e9gantes Lambrettas, en passant par des joyaux rares d'Europe, d'Am\u00e9rique et du Japon.<\/p>\n<p>Voyagez \u00e0 travers des d\u00e9cennies de design embl\u00e9matique, d'innovations techniques et de flair culturel. Les scooters sont plus que de simples moyens de transport - ce sont des ic\u00f4nes de style reconnues dans le monde entier !<\/p>\n<h3>Scooter World - o\u00f9 le style rencontre l'histoire.<\/h3>\n\n\n\n<p><\/p>","protected":false},"excerpt":{"rendered":"<p>Contact Collection Rides D\u00e9couvrez notre collection de scooters \u00e0 Bruges Scooter World est une initiative priv\u00e9e destin\u00e9e exclusivement aux amateurs de scooters anciens et n'est donc pas ouverte au grand public. Vous y d\u00e9couvrirez l'histoire fascinante des scooters \u00e0 travers une collection unique datant des ann\u00e9es 50, avec des mod\u00e8les du monde entier. Des embl\u00e9matiques Vespas et...<\/p>","protected":false},"author":1,"featured_media":0,"parent":0,"menu_order":0,"comment_status":"closed","ping_status":"closed","template":"","meta":{"_acf_changed":false,"_seopress_robots_primary_cat":"","_seopress_titles_title":"Ben je op zoek naar een bijzondere uitstap met je oldtimer-scootervrienden?","_seopress_titles_desc":"Ervaar de wereld van klassieke scooters in Scooter World in Brugge. Ontdek de unieke priv\u00e9 collectie, leer over de geschiedenis van scooters en ontdek een van de grootste scootercollecties in Belgi\u00eb.","_seopress_robots_index":"","footnotes":""},"class_list":["post-17","page","type-page","status-publish","hentry"],"acf":[],"_links":{"self":[{"href":"https:\/\/www.scooterworld.be\/fr\/wp-json\/wp\/v2\/pages\/17","targetHints":{"allow":["GET"]}}],"collection":[{"href":"https:\/\/www.scooterworld.be\/fr\/wp-json\/wp\/v2\/pages"}],"about":[{"href":"https:\/\/www.scooterworld.be\/fr\/wp-json\/wp\/v2\/types\/page"}],"author":[{"embeddable":true,"href":"https:\/\/www.scooterworld.be\/fr\/wp-json\/wp\/v2\/users\/1"}],"replies":[{"embeddable":true,"href":"https:\/\/www.scooterworld.be\/fr\/wp-json\/wp\/v2\/comments?post=17"}],"version-history":[{"count":24,"href":"https:\/\/www.scooterworld.be\/fr\/wp-json\/wp\/v2\/pages\/17\/revisions"}],"predecessor-version":[{"id":1409,"href":"https:\/\/www.scooterworld.be\/fr\/wp-json\/wp\/v2\/pages\/17\/revisions\/1409"}],"wp:attachment":[{"href":"https:\/\/www.scooterworld.be\/fr\/wp-json\/wp\/v2\/media?parent=17"}],"curies":[{"name":"wp","href":"https:\/\/api.w.org\/{rel}","templated":true}]}}