{"id":1602,"date":"2025-10-17T12:49:00","date_gmt":"2025-10-17T12:49:00","guid":{"rendered":"https:\/\/www.scooterworld.be\/?page_id=1602"},"modified":"2025-12-15T21:37:22","modified_gmt":"2025-12-15T21:37:22","slug":"verkoop-sales","status":"publish","type":"page","link":"https:\/\/www.scooterworld.be\/fr\/verkoop-sales\/","title":{"rendered":"Ventes \/ Ventes"},"content":{"rendered":"<p>Au fil des ans, des badges uniques ont \u00e9t\u00e9 \u00e9mis pour les participants aux visites. Ceux qui souhaitent encore obtenir un badge ant\u00e9rieur peuvent nous contacter.<\/p>\n<p>Nos jolies casquettes et un livret sur la superbe collection de scooters de Scooterworld sont \u00e9galement disponibles sur demande pendant votre visite.<\/p>\n<p>Pour plus d'informations ou pour visiter Scooterworld, envoyez un courriel : <a href=\"mailto:info@scooterworld.be\">info@scooterworld.be<\/a><\/p>\n\t\t\t\t\t\t\t<h3>Badges de scooter Tours TOF<\/h3>\n\t\t\t\t\t\t\t<p><img loading=\"lazy\" decoding=\"async\" src=\"https:\/\/www.scooterworld.be\/wp-content\/uploads\/2025\/10\/Schermafbeelding-2025-06-25-183728-300x300.jpg\" alt=\"\" width=\"300\" height=\"300\" \/><\/p>\t\t\t\t\t\t\t<a href=\"\" target=\"_self\">Prix 25 euros, frais de port inclus<\/a>\t\t\t\t\t\t\n\t\t\t\t\t\t\t<h3>Zonnepet \/ Franse retro-pet  &#8211; Toys of the 50&#8217;s<\/h3>\n\t\t\t\t\t\t\t<p><img loading=\"lazy\" decoding=\"async\" src=\"https:\/\/www.scooterworld.be\/wp-content\/uploads\/2025\/10\/Pet-TOF1-300x269.jpg\" alt=\"\" width=\"300\" height=\"269\" \/><\/p>\t\t\t\t\t\t\t<a href=\"\" target=\"_blank\">Disponible \u00e0 Scooterworld au prix de 20 \/ 25 euros<\/a>\t\t\t\t\t\t\n\t\t\t\t\t\t\t<h3>Brochure (52blz A4) sur la collection Scooterworld.<\/h3>\n\t\t\t\t\t\t\t<p><img loading=\"lazy\" decoding=\"async\" src=\"https:\/\/www.scooterworld.be\/wp-content\/uploads\/2025\/10\/Boekje-scooterworld-219x300.jpg\" alt=\"\" width=\"219\" height=\"300\" \/><\/p>\t\t\t\t\t\t\t<a href=\"\" target=\"_blank\">Disponible sur Scooterworld<\/a>","protected":false},"excerpt":{"rendered":"<p>Door de jaren heen werd voor de deelnemers aan de rondritten unieke badges uitgereikt. Wie alsnog een vroeger exemplaar wenst te komen kan ons contacteren. Ook onze knappe zonnepetten en een boekje over de schitterende collectie scooters van Scooterworld is tijdens je bezoek op vraag verkrijgbaar. Voor meer info of een bezoekje aan Scooterworld mail&hellip;<\/p>","protected":false},"author":3,"featured_media":0,"parent":0,"menu_order":0,"comment_status":"closed","ping_status":"closed","template":"","meta":{"_acf_changed":false,"_seopress_robots_primary_cat":"","_seopress_titles_title":"Enkele herinneringen aan de scooterrondritten of bezoek aan Scooterworld zijn nog beschikbaar","_seopress_titles_desc":"Met onze club TOF (Toys of the 50's) organiseren we jaarlijks een scooterrondrit door West-Vlaanderen en Zeeuws-Vlaanderen. Bekijk de resterende badges  en zonnepetten of boekjes","_seopress_robots_index":"","_seopress_analysis_target_kw":"TOF boys scooterclub,scooterclub Belgi\u00eb,scootercommunity Belgi\u00eb,Belgische scooterclubs,TOF boys ritten,scooterliefhebbers Belgi\u00eb,scooter events Belgi\u00eb,Belgische scooter fans,TOF boys scooter evenementen,scooter ritten Belgi\u00eb,vriendschap scooterclub,Belgische scooterclub,TOF boys rondritten,scooter uitjes Belgi\u00eb,scooterfanatics Belgi\u00eb,scooter community Belgi\u00eb,TOF boys en scooter passie,Belgische scooter sfeerbeelden,TOF boys Belgi\u00eb scooterclub,Scooterbadge,Zonnepet,boekje Scooterworld","footnotes":""},"class_list":["post-1602","page","type-page","status-publish","hentry"],"acf":[],"_links":{"self":[{"href":"https:\/\/www.scooterworld.be\/fr\/wp-json\/wp\/v2\/pages\/1602","targetHints":{"allow":["GET"]}}],"collection":[{"href":"https:\/\/www.scooterworld.be\/fr\/wp-json\/wp\/v2\/pages"}],"about":[{"href":"https:\/\/www.scooterworld.be\/fr\/wp-json\/wp\/v2\/types\/page"}],"author":[{"embeddable":true,"href":"https:\/\/www.scooterworld.be\/fr\/wp-json\/wp\/v2\/users\/3"}],"replies":[{"embeddable":true,"href":"https:\/\/www.scooterworld.be\/fr\/wp-json\/wp\/v2\/comments?post=1602"}],"version-history":[{"count":10,"href":"https:\/\/www.scooterworld.be\/fr\/wp-json\/wp\/v2\/pages\/1602\/revisions"}],"predecessor-version":[{"id":1623,"href":"https:\/\/www.scooterworld.be\/fr\/wp-json\/wp\/v2\/pages\/1602\/revisions\/1623"}],"wp:attachment":[{"href":"https:\/\/www.scooterworld.be\/fr\/wp-json\/wp\/v2\/media?parent=1602"}],"curies":[{"name":"wp","href":"https:\/\/api.w.org\/{rel}","templated":true}]}}