{"id":17,"date":"2024-12-08T20:52:01","date_gmt":"2024-12-08T20:52:01","guid":{"rendered":"https:\/\/www.scootermuseum.be\/?page_id=17"},"modified":"2025-10-17T12:35:05","modified_gmt":"2025-10-17T12:35:05","slug":"scooterworld","status":"publish","type":"page","link":"https:\/\/www.scooterworld.be\/en\/","title":{"rendered":"Scooter World Bruges"},"content":{"rendered":"<img decoding=\"async\" src=\"http:\/\/www.scooterworld.be\/wp-content\/uploads\/2025\/01\/Minerva.webp\" alt=\"Minerva\" itemprop=\"image\" title=\"Minerva\" onerror=\"this.style.display='none'\">\n\t\t\t<a href=\"https:\/\/www.scooterworld.be\/en\/contact\/\" target=\"_self\">\n\t\t\t\t\t\t\tContact\n\t\t\t\t\t<\/a>\n\t\t\t\t<img decoding=\"async\" src=\"http:\/\/www.scootermuseum.be\/wp-content\/uploads\/2024\/12\/scooterworld_brugge.png\" alt=\"scooterworld_brugge\" itemprop=\"image\" title=\"scooterworld_brugge\" onerror=\"this.style.display='none'\">\n\t\t\t\t<img decoding=\"async\" src=\"https:\/\/www.scooterworld.be\/wp-content\/plugins\/bb-plugin\/img\/pixel.png\" alt=\"\" itemprop=\"image\" onerror=\"this.style.display='none'\">\n\t\t\t<a href=\"https:\/\/www.scooterworld.be\/en\/collectie\/\" target=\"_self\">\n\t\t\t\t\t\t\tCollection\n\t\t\t\t\t<\/a>\n\t\t\t<a href=\"https:\/\/www.scooterworld.be\/en\/rondritten\/\" target=\"_self\">\n\t\t\t\t\t\t\tRides\n\t\t\t\t\t<\/a>\n\t<h1><strong>Discover our scooter collection in Bruges<\/strong><\/h1>\n<p>Scooter World is a private initiative exclusively for vintage scooter enthusiasts, and thus not open to the general public. Here you will discover the fascinating history of scooters through a unique collection from the 1950s, with models from all over the world. From iconic Vespas and elegant Lambrettas to rare gems from Europe, America and Japan.<\/p>\n<p>Journey through decades of iconic design, technical innovations and cultural flair. Scooters are more than just means of transport - they are globally recognised style icons!<\/p>\n<h3>Scooter World - where style meets history.<\/h3>\n\n\n\n<p><\/p>","protected":false},"excerpt":{"rendered":"<p>Contact Collection Rides Discover our scooter collection in Bruges Scooter World is a private initiative exclusively for vintage scooter enthusiasts, and thus not open to the general public. Here you will discover the fascinating history of scooters through a unique collection from the 1950s, with models from all over the world. From iconic Vespas and...<\/p>","protected":false},"author":1,"featured_media":0,"parent":0,"menu_order":0,"comment_status":"closed","ping_status":"closed","template":"","meta":{"_acf_changed":false,"_seopress_robots_primary_cat":"","_seopress_titles_title":"Ben je op zoek naar een bijzondere uitstap met je oldtimer-scootervrienden?","_seopress_titles_desc":"Ervaar de wereld van klassieke scooters in Scooter World in Brugge. Ontdek de unieke priv\u00e9 collectie, leer over de geschiedenis van scooters en ontdek een van de grootste scootercollecties in Belgi\u00eb.","_seopress_robots_index":"","_seopress_analysis_target_kw":"scootermuseum Brugge,scootermuseum Belgi\u00eb,scooters Brugge,scooter tentoonstelling Brugge,vintage scooters Brugge,scooter cultuur Brugge,scooter geschiedenis Brugge,scootermuseum bezoeken Brugge,scooter collectie Brugge,klassieke scooters Brugge,retro scooters Brugge,scooter tentoonstellingen Brugge,beroemde scooters Brugge,scootermuseum Brugge Belgi\u00eb,scooterliefhebbers Brugge,historische scooters Brugge,iconen van de scooterindustrie Brugge,scooter evenementen Brugge,scooter bezienswaardigheden Brugge,motor en scooters Brugge,scooter museum Brugge,scooter tentoonstelling Belgi\u00eb,Brugge museum voor scooters,scooter fan Brugge,scooter geschiedenis in Brugge,scooters in Brugge ontdekken,Scooter World,Scooterworld brugge,uitstap met club,Scooterworld","footnotes":""},"class_list":["post-17","page","type-page","status-publish","hentry"],"acf":[],"_links":{"self":[{"href":"https:\/\/www.scooterworld.be\/en\/wp-json\/wp\/v2\/pages\/17","targetHints":{"allow":["GET"]}}],"collection":[{"href":"https:\/\/www.scooterworld.be\/en\/wp-json\/wp\/v2\/pages"}],"about":[{"href":"https:\/\/www.scooterworld.be\/en\/wp-json\/wp\/v2\/types\/page"}],"author":[{"embeddable":true,"href":"https:\/\/www.scooterworld.be\/en\/wp-json\/wp\/v2\/users\/1"}],"replies":[{"embeddable":true,"href":"https:\/\/www.scooterworld.be\/en\/wp-json\/wp\/v2\/comments?post=17"}],"version-history":[{"count":24,"href":"https:\/\/www.scooterworld.be\/en\/wp-json\/wp\/v2\/pages\/17\/revisions"}],"predecessor-version":[{"id":1409,"href":"https:\/\/www.scooterworld.be\/en\/wp-json\/wp\/v2\/pages\/17\/revisions\/1409"}],"wp:attachment":[{"href":"https:\/\/www.scooterworld.be\/en\/wp-json\/wp\/v2\/media?parent=17"}],"curies":[{"name":"wp","href":"https:\/\/api.w.org\/{rel}","templated":true}]}}