{"id":1602,"date":"2025-10-17T12:49:00","date_gmt":"2025-10-17T12:49:00","guid":{"rendered":"https:\/\/www.scooterworld.be\/?page_id=1602"},"modified":"2025-12-15T21:37:22","modified_gmt":"2025-12-15T21:37:22","slug":"verkoop-sales","status":"publish","type":"page","link":"https:\/\/www.scooterworld.be\/en\/verkoop-sales\/","title":{"rendered":"Sales \/ Sales"},"content":{"rendered":"<p>Over the years, unique badges were issued for participants in the tours. Those who still wish to obtain an earlier one can contact us.<\/p>\n<p>Our handsome sun caps and a booklet on Scooterworld's stunning collection of scooters are also available on demand during your visit.<\/p>\n<p>For more info or to visit Scooterworld email: <a href=\"mailto:info@scooterworld.be\">info@scooterworld.be<\/a><\/p>\n\t\t\t\t\t\t\t<h3>Scooter badges TOF tours<\/h3>\n\t\t\t\t\t\t\t<p><img loading=\"lazy\" decoding=\"async\" src=\"https:\/\/www.scooterworld.be\/wp-content\/uploads\/2025\/10\/Schermafbeelding-2025-06-25-183728-300x300.jpg\" alt=\"\" width=\"300\" height=\"300\" \/><\/p>\t\t\t\t\t\t\t<a href=\"\" target=\"_self\">Price 25 euros incl. shipping<\/a>\t\t\t\t\t\t\n\t\t\t\t\t\t\t<h3>Zonnepet \/ Franse retro-pet  &#8211; Toys of the 50&#8217;s<\/h3>\n\t\t\t\t\t\t\t<p><img loading=\"lazy\" decoding=\"async\" src=\"https:\/\/www.scooterworld.be\/wp-content\/uploads\/2025\/10\/Pet-TOF1-300x269.jpg\" alt=\"\" width=\"300\" height=\"269\" \/><\/p>\t\t\t\t\t\t\t<a href=\"\" target=\"_blank\">Available in Scooterworld at 20 \/ 25 euros<\/a>\t\t\t\t\t\t\n\t\t\t\t\t\t\t<h3>Booklet (52blz A4) on the Scooterworld collection.<\/h3>\n\t\t\t\t\t\t\t<p><img loading=\"lazy\" decoding=\"async\" src=\"https:\/\/www.scooterworld.be\/wp-content\/uploads\/2025\/10\/Boekje-scooterworld-219x300.jpg\" alt=\"\" width=\"219\" height=\"300\" \/><\/p>\t\t\t\t\t\t\t<a href=\"\" target=\"_blank\">Available in Scooterworld<\/a>","protected":false},"excerpt":{"rendered":"<p>Door de jaren heen werd voor de deelnemers aan de rondritten unieke badges uitgereikt. Wie alsnog een vroeger exemplaar wenst te komen kan ons contacteren. Ook onze knappe zonnepetten en een boekje over de schitterende collectie scooters van Scooterworld is tijdens je bezoek op vraag verkrijgbaar. Voor meer info of een bezoekje aan Scooterworld mail&hellip;<\/p>","protected":false},"author":3,"featured_media":0,"parent":0,"menu_order":0,"comment_status":"closed","ping_status":"closed","template":"","meta":{"_acf_changed":false,"_seopress_robots_primary_cat":"","_seopress_titles_title":"Enkele herinneringen aan de scooterrondritten of bezoek aan Scooterworld zijn nog beschikbaar","_seopress_titles_desc":"Met onze club TOF (Toys of the 50's) organiseren we jaarlijks een scooterrondrit door West-Vlaanderen en Zeeuws-Vlaanderen. Bekijk de resterende badges  en zonnepetten of boekjes","_seopress_robots_index":"","_seopress_analysis_target_kw":"TOF boys scooterclub,scooterclub Belgi\u00eb,scootercommunity Belgi\u00eb,Belgische scooterclubs,TOF boys ritten,scooterliefhebbers Belgi\u00eb,scooter events Belgi\u00eb,Belgische scooter fans,TOF boys scooter evenementen,scooter ritten Belgi\u00eb,vriendschap scooterclub,Belgische scooterclub,TOF boys rondritten,scooter uitjes Belgi\u00eb,scooterfanatics Belgi\u00eb,scooter community Belgi\u00eb,TOF boys en scooter passie,Belgische scooter sfeerbeelden,TOF boys Belgi\u00eb scooterclub,Scooterbadge,Zonnepet,boekje Scooterworld","footnotes":""},"class_list":["post-1602","page","type-page","status-publish","hentry"],"acf":[],"_links":{"self":[{"href":"https:\/\/www.scooterworld.be\/en\/wp-json\/wp\/v2\/pages\/1602","targetHints":{"allow":["GET"]}}],"collection":[{"href":"https:\/\/www.scooterworld.be\/en\/wp-json\/wp\/v2\/pages"}],"about":[{"href":"https:\/\/www.scooterworld.be\/en\/wp-json\/wp\/v2\/types\/page"}],"author":[{"embeddable":true,"href":"https:\/\/www.scooterworld.be\/en\/wp-json\/wp\/v2\/users\/3"}],"replies":[{"embeddable":true,"href":"https:\/\/www.scooterworld.be\/en\/wp-json\/wp\/v2\/comments?post=1602"}],"version-history":[{"count":10,"href":"https:\/\/www.scooterworld.be\/en\/wp-json\/wp\/v2\/pages\/1602\/revisions"}],"predecessor-version":[{"id":1623,"href":"https:\/\/www.scooterworld.be\/en\/wp-json\/wp\/v2\/pages\/1602\/revisions\/1623"}],"wp:attachment":[{"href":"https:\/\/www.scooterworld.be\/en\/wp-json\/wp\/v2\/media?parent=1602"}],"curies":[{"name":"wp","href":"https:\/\/api.w.org\/{rel}","templated":true}]}}