{"id":47,"date":"2024-12-27T15:03:18","date_gmt":"2024-12-27T15:03:18","guid":{"rendered":"https:\/\/www.scootermuseum.be\/?page_id=47"},"modified":"2025-10-17T12:36:42","modified_gmt":"2025-10-17T12:36:42","slug":"collectie","status":"publish","type":"page","link":"https:\/\/www.scooterworld.be\/de\/collectie\/","title":{"rendered":"Scooter World, unsere Sammlung"},"content":{"rendered":"<p>Motorroller sind mehr als nur ein Transportmittel, sie sind Stilikonen voller Geschichte. Ob Sie Sammler sind oder Nostalgie lieben, Scooter World Brugge bietet Ihnen ein unvergessliches Erlebnis.<\/p>\n<p><strong>Sehen Sie sich die Kollektion unten an!<\/strong><\/p>\n\t\tAlle\n\t<ul>\n\t\t<li data-filter=\"*\" tabindex=\"0\" aria-label=\"Alle\">Alle<\/li><li data-filter=\".category-belgie\" data-term=\"belgie\" data-item-count=\"3\" tabindex=\"0\" aria-label=\"Belgien\">Belgien<\/li><li data-filter=\".category-duitsland\" data-term=\"duitsland\" data-item-count=\"6\" tabindex=\"0\" aria-label=\"Deutschland\">Deutschland<\/li><li data-filter=\".category-frankrijk\" data-term=\"frankrijk\" data-item-count=\"3\" tabindex=\"0\" aria-label=\"Frankreich\">Frankreich<\/li><li data-filter=\".category-italie\" data-term=\"italie\" data-item-count=\"1\" tabindex=\"0\" aria-label=\"Italien\">Italien<\/li><li data-filter=\".category-japan\" data-term=\"japan\" data-item-count=\"1\" tabindex=\"0\" aria-label=\"Japan\">Japan<\/li><li data-filter=\".category-oostenrijk\" data-term=\"oostenrijk\" data-item-count=\"1\" tabindex=\"0\" aria-label=\"\u00d6sterreich\">\u00d6sterreich<\/li><li data-filter=\".category-verenigd-koninkrijk\" data-term=\"verenigd-koninkrijk\" data-item-count=\"2\" tabindex=\"0\" aria-label=\"Vereinigtes K\u00f6nigreich\">Vereinigtes K\u00f6nigreich<\/li><li data-filter=\".category-verenigde-staten\" data-term=\"verenigde-staten\" data-item-count=\"2\" tabindex=\"0\" aria-label=\"Vereinigte Staaten\">Vereinigte Staaten<\/li>\t<\/ul>\n\t<meta itemscope itemprop=\"mainEntityOfPage\" itemtype=\"https:\/\/schema.org\/WebPage\" itemid=\"http:\/\/519\" content=\"Fuji &#8211; Rabbit: \u00a0een Japans scootermark van Fuji Heavy Industries\" \/><meta itemprop=\"datePublished\" content=\"2025-01-12\" \/><meta itemprop=\"dateModified\" content=\"2025-01-13\" \/><meta itemprop=\"name\" content=\"Welkom in ons scootermuseum\"\/><meta itemprop=\"url\" content=\"https:\/\/www.scooterworld.be\/author\/swankaert-jan\/\" \/><meta itemprop=\"name\" content=\"Jan Swankaert\" \/><meta itemprop=\"url\" content=\"https:\/\/www.scooterworld.be\/wp-content\/uploads\/2025\/01\/\u00a9scooterworld.be-FL-Fuiji.jpg\" \/><meta itemprop=\"width\" content=\"577\" \/><meta itemprop=\"height\" content=\"433\" \/><meta itemprop=\"interactionType\" content=\"https:\/\/schema.org\/CommentAction\" \/><meta itemprop=\"userInteractionCount\" content=\"0\" \/>\n\t\t\t\t\t<a href=\"https:\/\/www.scooterworld.be\/de\/japan\/fuji-rabbit\/\" title=\"Fuji - Rabbit: eine japanische Rollermarke von Fuji Heavy Industries\"><\/a>\n\t\t\t\t<img loading=\"lazy\" decoding=\"async\" src=\"https:\/\/www.scooterworld.be\/wp-content\/uploads\/2025\/01\/\u00a9scooterworld.be-FL-Fuiji.jpg\" alt=\"\u00a9scooterworld.be - FL-Fuiji\" itemprop=\"image\" data-no-lazy=\"1\" height=\"433\" width=\"577\" title=\"\u00a9scooterworld.be - FL-Fuiji\" onerror=\"this.style.display='none'\"  \/>\n\t\t\t\t\t\t\t\t\t<h1 itemprop=\"headline\">\n\t\t\t\t\t\t\t\t\t\t\t\t\t\tFuji - Rabbit: eine japanische Rollermarke von Fuji Heavy Industries\t\t\t\t\t\t\t\t\t\t\t<\/h1>\n\t<meta itemscope itemprop=\"mainEntityOfPage\" itemtype=\"https:\/\/schema.org\/WebPage\" itemid=\"http:\/\/513\" content=\"D\u00fcrkopp Diana: een indrukwekkende erfenis.\" \/><meta itemprop=\"datePublished\" content=\"2025-01-12\" \/><meta itemprop=\"dateModified\" content=\"2025-01-12\" \/><meta itemprop=\"name\" content=\"Welkom in ons scootermuseum\"\/><meta itemprop=\"url\" content=\"https:\/\/www.scooterworld.be\/author\/swankaert-jan\/\" \/><meta itemprop=\"name\" content=\"Jan Swankaert\" \/><meta itemprop=\"url\" content=\"https:\/\/www.scooterworld.be\/wp-content\/uploads\/2025\/01\/\u00a9scootermuseum.be-FL-Durkopp-Diana.png\" \/><meta itemprop=\"width\" content=\"577\" \/><meta itemprop=\"height\" content=\"433\" \/><meta itemprop=\"interactionType\" content=\"https:\/\/schema.org\/CommentAction\" \/><meta itemprop=\"userInteractionCount\" content=\"0\" \/>\n\t\t\t\t\t<a href=\"https:\/\/www.scooterworld.be\/de\/duitsland\/durkopp-diana\/\" title=\"D\u00fcrkopp Diana: ein beeindruckendes Erbe.\"><\/a>\n\t\t\t\t<img loading=\"lazy\" decoding=\"async\" src=\"https:\/\/www.scooterworld.be\/wp-content\/uploads\/2025\/01\/\u00a9scootermuseum.be-FL-Durkopp-Diana.png\" alt=\"\u00a9scootermuseum.be - FL-Durkopp-Diana\" itemprop=\"image\" data-no-lazy=\"1\" height=\"433\" width=\"577\" title=\"\u00a9scootermuseum.be - FL-Durkopp-Diana\" onerror=\"this.style.display='none'\"  \/>\n\t\t\t\t\t\t\t\t\t<h1 itemprop=\"headline\">\n\t\t\t\t\t\t\t\t\t\t\t\t\t\tD\u00fcrkopp Diana: ein beeindruckendes Erbe.\t\t\t\t\t\t\t\t\t\t\t<\/h1>\n\t<meta itemscope itemprop=\"mainEntityOfPage\" itemtype=\"https:\/\/schema.org\/WebPage\" itemid=\"http:\/\/449\" content=\"Ducati Cruiser: eerste Europese 4-takt scooter\" \/><meta itemprop=\"datePublished\" content=\"2025-01-10\" \/><meta itemprop=\"dateModified\" content=\"2025-01-10\" \/><meta itemprop=\"name\" content=\"Welkom in ons scootermuseum\"\/><meta itemprop=\"url\" content=\"https:\/\/www.scooterworld.be\/author\/swankaert-jan\/\" \/><meta itemprop=\"name\" content=\"Jan Swankaert\" \/><meta itemprop=\"url\" content=\"https:\/\/www.scooterworld.be\/wp-content\/uploads\/2025\/01\/\u00a9scootermuseum.be-FL-Ducati-Cruiser.jpeg\" \/><meta itemprop=\"width\" content=\"820\" \/><meta itemprop=\"height\" content=\"547\" \/><meta itemprop=\"interactionType\" content=\"https:\/\/schema.org\/CommentAction\" \/><meta itemprop=\"userInteractionCount\" content=\"0\" \/>\n\t\t\t\t\t<a href=\"https:\/\/www.scooterworld.be\/de\/italie\/ducati-cruiser\/\" title=\"Ducati Cruiser: erster europ\u00e4ischer 4-Takt-Roller\"><\/a>\n\t\t\t\t<img loading=\"lazy\" decoding=\"async\" src=\"https:\/\/www.scooterworld.be\/wp-content\/uploads\/2025\/01\/\u00a9scootermuseum.be-FL-Ducati-Cruiser.jpeg\" alt=\"\u00a9scooterworld.be - FL-Ducati-Cruiser\" itemprop=\"image\" data-no-lazy=\"1\" height=\"547\" width=\"820\" title=\"\u00a9scooterworld.be - FL-Ducati-Cruiser\" onerror=\"this.style.display='none'\"  \/>\n\t\t\t\t\t\t\t\t\t<h1 itemprop=\"headline\">\n\t\t\t\t\t\t\t\t\t\t\t\t\t\tDucati Cruiser: erster europ\u00e4ischer 4-Takt-Roller\t\t\t\t\t\t\t\t\t\t\t<\/h1>\n\t<meta itemscope itemprop=\"mainEntityOfPage\" itemtype=\"https:\/\/schema.org\/WebPage\" itemid=\"http:\/\/442\" content=\"DKR Manx: Britse fabrikant die innovatieve en krachtige scooters produceerde\" \/><meta itemprop=\"datePublished\" content=\"2025-01-10\" \/><meta itemprop=\"dateModified\" content=\"2025-01-10\" \/><meta itemprop=\"name\" content=\"Welkom in ons scootermuseum\"\/><meta itemprop=\"url\" content=\"https:\/\/www.scooterworld.be\/author\/swankaert-jan\/\" \/><meta itemprop=\"name\" content=\"Jan Swankaert\" \/><meta itemprop=\"url\" content=\"https:\/\/www.scooterworld.be\/wp-content\/uploads\/2025\/01\/\u00a9scootermuseum.be-FL-DKR-Manx.jpeg\" \/><meta itemprop=\"width\" content=\"820\" \/><meta itemprop=\"height\" content=\"547\" \/><meta itemprop=\"interactionType\" content=\"https:\/\/schema.org\/CommentAction\" \/><meta itemprop=\"userInteractionCount\" content=\"0\" \/>\n\t\t\t\t\t<a href=\"https:\/\/www.scooterworld.be\/de\/verenigd-koninkrijk\/dkr-manx\/\" title=\"DKR Manx: Britischer Hersteller, der innovative und leistungsstarke Motorroller produzierte\"><\/a>\n\t\t\t\t<img loading=\"lazy\" decoding=\"async\" src=\"https:\/\/www.scooterworld.be\/wp-content\/uploads\/2025\/01\/\u00a9scootermuseum.be-FL-DKR-Manx.jpeg\" alt=\"\u00a9scooterworld.be - FL-DKR-Manx\" itemprop=\"image\" data-no-lazy=\"1\" height=\"547\" width=\"820\" title=\"\u00a9scooterworld.be - FL-DKR-Manx\" onerror=\"this.style.display='none'\"  \/>\n\t\t\t\t\t\t\t\t\t<h1 itemprop=\"headline\">\n\t\t\t\t\t\t\t\t\t\t\t\t\t\tDKR Manx: Britischer Hersteller, der innovative und leistungsstarke Motorroller produzierte\t\t\t\t\t\t\t\t\t\t\t<\/h1>\n\t<meta itemscope itemprop=\"mainEntityOfPage\" itemtype=\"https:\/\/schema.org\/WebPage\" itemid=\"http:\/\/434\" content=\"Cushman: een icoon in de wereld van tweewielers\" \/><meta itemprop=\"datePublished\" content=\"2025-01-10\" \/><meta itemprop=\"dateModified\" content=\"2025-01-10\" \/><meta itemprop=\"name\" content=\"Welkom in ons scootermuseum\"\/><meta itemprop=\"url\" content=\"https:\/\/www.scooterworld.be\/author\/swankaert-jan\/\" \/><meta itemprop=\"name\" content=\"Jan Swankaert\" \/><meta itemprop=\"url\" content=\"https:\/\/www.scooterworld.be\/wp-content\/uploads\/2025\/01\/\u00a9scootermuseum.be-FL-Cushman.jpeg\" \/><meta itemprop=\"width\" content=\"820\" \/><meta itemprop=\"height\" content=\"547\" \/><meta itemprop=\"interactionType\" content=\"https:\/\/schema.org\/CommentAction\" \/><meta itemprop=\"userInteractionCount\" content=\"0\" \/>\n\t\t\t\t\t<a href=\"https:\/\/www.scooterworld.be\/de\/verenigde-staten\/cushman\/\" title=\"Cushman: eine Ikone in der Welt der Zweir\u00e4der\"><\/a>\n\t\t\t\t<img loading=\"lazy\" decoding=\"async\" src=\"https:\/\/www.scooterworld.be\/wp-content\/uploads\/2025\/01\/\u00a9scootermuseum.be-FL-Cushman.jpeg\" alt=\"\u00a9scootermuseum.be - FL-Cushman\" itemprop=\"image\" data-no-lazy=\"1\" height=\"547\" width=\"820\" title=\"\u00a9scootermuseum.be - FL-Cushman\" onerror=\"this.style.display='none'\"  \/>\n\t\t\t\t\t\t\t\t\t<h1 itemprop=\"headline\">\n\t\t\t\t\t\t\t\t\t\t\t\t\t\tCushman: eine Ikone in der Welt der Zweir\u00e4der\t\t\t\t\t\t\t\t\t\t\t<\/h1>\n\t<meta itemscope itemprop=\"mainEntityOfPage\" itemtype=\"https:\/\/schema.org\/WebPage\" itemid=\"http:\/\/426\" content=\"Bond: het Britse merk achter Minicars en Scooters\" \/><meta itemprop=\"datePublished\" content=\"2025-01-10\" \/><meta itemprop=\"dateModified\" content=\"2025-01-10\" \/><meta itemprop=\"name\" content=\"Welkom in ons scootermuseum\"\/><meta itemprop=\"url\" content=\"https:\/\/www.scooterworld.be\/author\/swankaert-jan\/\" \/><meta itemprop=\"name\" content=\"Jan Swankaert\" \/><meta itemprop=\"url\" content=\"https:\/\/www.scooterworld.be\/wp-content\/uploads\/2025\/01\/\u00a9scootermuseum.be-FL-Bond.jpeg\" \/><meta itemprop=\"width\" content=\"820\" \/><meta itemprop=\"height\" content=\"547\" \/><meta itemprop=\"interactionType\" content=\"https:\/\/schema.org\/CommentAction\" \/><meta itemprop=\"userInteractionCount\" content=\"0\" \/>\n\t\t\t\t\t<a href=\"https:\/\/www.scooterworld.be\/de\/verenigd-koninkrijk\/bond\/\" title=\"Bond: die britische Marke hinter Minicars und Scootern\"><\/a>\n\t\t\t\t<img loading=\"lazy\" decoding=\"async\" src=\"https:\/\/www.scooterworld.be\/wp-content\/uploads\/2025\/01\/\u00a9scootermuseum.be-FL-Bond.jpeg\" alt=\"\u00a9scootermuseum.be - FL-Bond\" itemprop=\"image\" data-no-lazy=\"1\" height=\"547\" width=\"820\" title=\"\u00a9scootermuseum.be - FL-Bond\" onerror=\"this.style.display='none'\"  \/>\n\t\t\t\t\t\t\t\t\t<h1 itemprop=\"headline\">\n\t\t\t\t\t\t\t\t\t\t\t\t\t\tBond: die britische Marke hinter Minicars und Scootern\t\t\t\t\t\t\t\t\t\t\t<\/h1>\n\t<meta itemscope itemprop=\"mainEntityOfPage\" itemtype=\"https:\/\/schema.org\/WebPage\" itemid=\"http:\/\/419\" content=\"Belgian Cushman: scooters met beperkte productie tussen 1951 en 1958.\" \/><meta itemprop=\"datePublished\" content=\"2025-01-10\" \/><meta itemprop=\"dateModified\" content=\"2025-01-10\" \/><meta itemprop=\"name\" content=\"Welkom in ons scootermuseum\"\/><meta itemprop=\"url\" content=\"https:\/\/www.scooterworld.be\/author\/swankaert-jan\/\" \/><meta itemprop=\"name\" content=\"Jan Swankaert\" \/><meta itemprop=\"url\" content=\"https:\/\/www.scooterworld.be\/wp-content\/uploads\/2025\/01\/\u00a9scootermuseum.be-FL-Belgian-Cushman.jpeg\" \/><meta itemprop=\"width\" content=\"820\" \/><meta itemprop=\"height\" content=\"547\" \/><meta itemprop=\"interactionType\" content=\"https:\/\/schema.org\/CommentAction\" \/><meta itemprop=\"userInteractionCount\" content=\"0\" \/>\n\t\t\t\t\t<a href=\"https:\/\/www.scooterworld.be\/de\/belgie\/belgian-cushman\/\" title=\"Belgischer Cushman: Motorroller mit begrenzter Produktion zwischen 1951 und 1958.\"><\/a>\n\t\t\t\t<img loading=\"lazy\" decoding=\"async\" src=\"https:\/\/www.scooterworld.be\/wp-content\/uploads\/2025\/01\/\u00a9scootermuseum.be-FL-Belgian-Cushman.jpeg\" alt=\"\u00a9scootermuseum.be - FL-Belgian-Cushman\" itemprop=\"image\" data-no-lazy=\"1\" height=\"547\" width=\"820\" title=\"\u00a9scootermuseum.be - FL-Belgisch-Buschmann\" onerror=\"this.style.display='none'\"  \/>\n\t\t\t\t\t\t\t\t\t<h1 itemprop=\"headline\">\n\t\t\t\t\t\t\t\t\t\t\t\t\t\tBelgischer Cushman: Motorroller mit begrenzter Produktion zwischen 1951 und 1958.\t\t\t\t\t\t\t\t\t\t\t<\/h1>\n\t<meta itemscope itemprop=\"mainEntityOfPage\" itemtype=\"https:\/\/schema.org\/WebPage\" itemid=\"http:\/\/390\" content=\"KTM  Mirabel: ontwikkeling van motoren, terreinmotoren en elektrische technologie\" \/><meta itemprop=\"datePublished\" content=\"2025-01-09\" \/><meta itemprop=\"dateModified\" content=\"2025-01-12\" \/><meta itemprop=\"name\" content=\"Welkom in ons scootermuseum\"\/><meta itemprop=\"url\" content=\"https:\/\/www.scooterworld.be\/author\/philip-olivier\/\" \/><meta itemprop=\"name\" content=\"Philip Olivier\" \/><meta itemprop=\"url\" content=\"https:\/\/www.scooterworld.be\/wp-content\/uploads\/2025\/01\/\u00a9scooterworld.be-FL-KTM-Mirabell-.png\" \/><meta itemprop=\"width\" content=\"605\" \/><meta itemprop=\"height\" content=\"403\" \/><meta itemprop=\"interactionType\" content=\"https:\/\/schema.org\/CommentAction\" \/><meta itemprop=\"userInteractionCount\" content=\"0\" \/>\n\t\t\t\t\t<a href=\"https:\/\/www.scooterworld.be\/de\/oostenrijk\/test1\/\" title=\"KTM Mirabel: Entwicklung von Motorr\u00e4dern, Gel\u00e4ndemotorr\u00e4dern und Elektrotechnologie\"><\/a>\n\t\t\t\t<img loading=\"lazy\" decoding=\"async\" src=\"https:\/\/www.scooterworld.be\/wp-content\/uploads\/2025\/01\/\u00a9scooterworld.be-FL-KTM-Mirabell-.png\" alt=\"\u00a9scooterworld.be - FL- KTM-Mirabell-\" itemprop=\"image\" data-no-lazy=\"1\" height=\"403\" width=\"605\" title=\"\u00a9scooterworld.be - FL- KTM-Mirabell-\" onerror=\"this.style.display='none'\"  \/>\n\t\t\t\t\t\t\t\t\t<h1 itemprop=\"headline\">\n\t\t\t\t\t\t\t\t\t\t\t\t\t\tKTM Mirabel: Entwicklung von Motorr\u00e4dern, Gel\u00e4ndemotorr\u00e4dern und Elektrotechnologie\t\t\t\t\t\t\t\t\t\t\t<\/h1>\n\t<meta itemscope itemprop=\"mainEntityOfPage\" itemtype=\"https:\/\/schema.org\/WebPage\" itemid=\"http:\/\/379\" content=\"Faka: Duitse historische scooters van 1953 tot 1956\" \/><meta itemprop=\"datePublished\" content=\"2025-01-06\" \/><meta itemprop=\"dateModified\" content=\"2025-01-10\" \/><meta itemprop=\"name\" content=\"Welkom in ons scootermuseum\"\/><meta itemprop=\"url\" content=\"https:\/\/www.scooterworld.be\/author\/philip-olivier\/\" \/><meta itemprop=\"name\" content=\"Philip Olivier\" \/><meta itemprop=\"url\" content=\"https:\/\/www.scooterworld.be\/wp-content\/uploads\/2025\/01\/\u00a9scootermuseum.be-FL-Faka.jpeg\" \/><meta itemprop=\"width\" content=\"820\" \/><meta itemprop=\"height\" content=\"547\" \/><meta itemprop=\"interactionType\" content=\"https:\/\/schema.org\/CommentAction\" \/><meta itemprop=\"userInteractionCount\" content=\"0\" \/>\n\t\t\t\t\t<a href=\"https:\/\/www.scooterworld.be\/de\/duitsland\/faka-fahrzeugfabrik-kannenberg\/\" title=\"Faka: Deutsche historische Motorroller von 1953 bis 1956\"><\/a>\n\t\t\t\t<img loading=\"lazy\" decoding=\"async\" src=\"https:\/\/www.scooterworld.be\/wp-content\/uploads\/2025\/01\/\u00a9scootermuseum.be-FL-Faka.jpeg\" alt=\"\u00a9scooterworld.be - FL-Faka\" itemprop=\"image\" data-no-lazy=\"1\" height=\"547\" width=\"820\" title=\"\u00a9scooterworld.be - FL-Faka\" onerror=\"this.style.display='none'\"  \/>\n\t\t\t\t\t\t\t\t\t<h1 itemprop=\"headline\">\n\t\t\t\t\t\t\t\t\t\t\t\t\t\tFaka: Deutsche historische Motorroller von 1953 bis 1956\t\t\t\t\t\t\t\t\t\t\t<\/h1>\n\t<meta itemscope itemprop=\"mainEntityOfPage\" itemtype=\"https:\/\/schema.org\/WebPage\" itemid=\"http:\/\/200\" content=\"Maico: van fietsen naar motorfietsen en auto&#8217;s\" \/><meta itemprop=\"datePublished\" content=\"2025-01-02\" \/><meta itemprop=\"dateModified\" content=\"2025-01-10\" \/><meta itemprop=\"name\" content=\"Welkom in ons scootermuseum\"\/><meta itemprop=\"url\" content=\"https:\/\/www.scooterworld.be\/author\/admin\/\" \/><meta itemprop=\"name\" content=\"admin\" \/><meta itemprop=\"url\" content=\"https:\/\/www.scooterworld.be\/wp-content\/uploads\/2025\/01\/\u00a9scootermuseum.be-FL-Maico-mobiel.jpeg\" \/><meta itemprop=\"width\" content=\"820\" \/><meta itemprop=\"height\" content=\"547\" \/><meta itemprop=\"interactionType\" content=\"https:\/\/schema.org\/CommentAction\" \/><meta itemprop=\"userInteractionCount\" content=\"0\" \/>\n\t\t\t\t\t<a href=\"https:\/\/www.scooterworld.be\/de\/duitsland\/maico-van-fietsen-naar-motorfietsen-en-autos\/\" title=\"Maico: von Fahrr\u00e4dern zu Motorr\u00e4dern und Autos\"><\/a>\n\t\t\t\t<img loading=\"lazy\" decoding=\"async\" src=\"https:\/\/www.scooterworld.be\/wp-content\/uploads\/2025\/01\/\u00a9scootermuseum.be-FL-Maico-mobiel.jpeg\" alt=\"\u00a9scooterworld.be - FL-Maico-mobiel\" itemprop=\"image\" data-no-lazy=\"1\" height=\"547\" width=\"820\" title=\"\u00a9scooterworld.be - FL-Maico-Mobil\" onerror=\"this.style.display='none'\"  \/>\n\t\t\t\t\t\t\t\t\t<h1 itemprop=\"headline\">\n\t\t\t\t\t\t\t\t\t\t\t\t\t\tMaico: von Fahrr\u00e4dern zu Motorr\u00e4dern und Autos\t\t\t\t\t\t\t\t\t\t\t<\/h1>\n\t<meta itemscope itemprop=\"mainEntityOfPage\" itemtype=\"https:\/\/schema.org\/WebPage\" itemid=\"http:\/\/194\" content=\"Bastert: fietsen, bromfietsen, motorfietsen en scooters\" \/><meta itemprop=\"datePublished\" content=\"2025-01-02\" \/><meta itemprop=\"dateModified\" content=\"2025-01-10\" \/><meta itemprop=\"name\" content=\"Welkom in ons scootermuseum\"\/><meta itemprop=\"url\" content=\"https:\/\/www.scooterworld.be\/author\/admin\/\" \/><meta itemprop=\"name\" content=\"admin\" \/><meta itemprop=\"url\" content=\"https:\/\/www.scooterworld.be\/wp-content\/uploads\/2025\/01\/\u00a9scootermuseum.be-FL-Bastert.jpeg\" \/><meta itemprop=\"width\" content=\"820\" \/><meta itemprop=\"height\" content=\"547\" \/><meta itemprop=\"interactionType\" content=\"https:\/\/schema.org\/CommentAction\" \/><meta itemprop=\"userInteractionCount\" content=\"0\" \/>\n\t\t\t\t\t<a href=\"https:\/\/www.scooterworld.be\/de\/duitsland\/bastert-fietsen-bromfietsen-motorfietsen-en-scooters\/\" title=\"Bastert: Fahrr\u00e4der, Mopeds, Motorr\u00e4der und Motorroller\"><\/a>\n\t\t\t\t<img loading=\"lazy\" decoding=\"async\" src=\"https:\/\/www.scooterworld.be\/wp-content\/uploads\/2025\/01\/\u00a9scootermuseum.be-FL-Bastert.jpeg\" alt=\"\u00a9scooterworld.be - FL-Bastert\" itemprop=\"image\" data-no-lazy=\"1\" height=\"547\" width=\"820\" title=\"\u00a9scooterworld.be - FL-Bastert\" onerror=\"this.style.display='none'\"  \/>\n\t\t\t\t\t\t\t\t\t<h1 itemprop=\"headline\">\n\t\t\t\t\t\t\t\t\t\t\t\t\t\tBastert: Fahrr\u00e4der, Mopeds, Motorr\u00e4der und Motorroller\t\t\t\t\t\t\t\t\t\t\t<\/h1>\n\t<meta itemscope itemprop=\"mainEntityOfPage\" itemtype=\"https:\/\/schema.org\/WebPage\" itemid=\"http:\/\/188\" content=\"Paul Vall\u00e9e: iconische scooters en microcars\" \/><meta itemprop=\"datePublished\" content=\"2025-01-02\" \/><meta itemprop=\"dateModified\" content=\"2025-01-10\" \/><meta itemprop=\"name\" content=\"Welkom in ons scootermuseum\"\/><meta itemprop=\"url\" content=\"https:\/\/www.scooterworld.be\/author\/admin\/\" \/><meta itemprop=\"name\" content=\"admin\" \/><meta itemprop=\"url\" content=\"https:\/\/www.scooterworld.be\/wp-content\/uploads\/2025\/01\/\u00a9scootermuseum.be-FL-Paul-Vallee.jpeg\" \/><meta itemprop=\"width\" content=\"820\" \/><meta itemprop=\"height\" content=\"547\" \/><meta itemprop=\"interactionType\" content=\"https:\/\/schema.org\/CommentAction\" \/><meta itemprop=\"userInteractionCount\" content=\"0\" \/>\n\t\t\t\t\t<a href=\"https:\/\/www.scooterworld.be\/de\/frankrijk\/paul-vallee-iconische-scooters-en-microcars\/\" title=\"Paul Vall\u00e9e: ikonische Motorroller und Mikroautos\"><\/a>\n\t\t\t\t<img loading=\"lazy\" decoding=\"async\" src=\"https:\/\/www.scooterworld.be\/wp-content\/uploads\/2025\/01\/\u00a9scootermuseum.be-FL-Paul-Vallee.jpeg\" alt=\"\u00a9scooterworld.be - FL-Paul-Vall\u00e9e\" itemprop=\"image\" data-no-lazy=\"1\" height=\"547\" width=\"820\" title=\"\u00a9scooterworld.be - FL-Paul-Vall\u00e9e\" onerror=\"this.style.display='none'\"  \/>\n\t\t\t\t\t\t\t\t\t<h1 itemprop=\"headline\">\n\t\t\t\t\t\t\t\t\t\t\t\t\t\tPaul Vall\u00e9e: ikonische Motorroller und Mikroautos\t\t\t\t\t\t\t\t\t\t\t<\/h1>\n\t\t\t\t<ul class='page-numbers'>\n\t<li>1<\/li>\n\t<li><a href=\"https:\/\/www.scooterworld.be\/de\/page\/2\/?page_id=47&#038;fl_builder\">2<\/a><\/li>\n\t<li><a href=\"https:\/\/www.scooterworld.be\/de\/page\/2\/?page_id=47&#038;fl_builder\">N\u00e4chste \u00bb<\/a><\/li>\n<\/ul>\n\t\t<!-- .pp-content-posts -->","protected":false},"excerpt":{"rendered":"<p>Motorroller sind mehr als nur ein Transportmittel, sie sind Stilikonen voller Geschichte. Ob Sie Sammler sind oder Nostalgie lieben, Scooter World Brugge bietet Ihnen ein unvergessliches Erlebnis. Sehen Sie sich die untenstehende Kollektion an! Alle Alle Belgien Deutschland Frankreich Italien Japan \u00d6sterreich Vereinigtes K\u00f6nigreich Vereinigte Staaten Fuji - Rabbit: eine japanische Rollermarke von Fuji Heavy Industries D\u00fcrkopp Diana:...<\/p>","protected":false},"author":1,"featured_media":0,"parent":0,"menu_order":0,"comment_status":"closed","ping_status":"closed","template":"","meta":{"_acf_changed":false,"_seopress_robots_primary_cat":"","_seopress_titles_title":"De Grootste Scootercollectie van Brugge \u2013 Van Lambretta tot Minerva","_seopress_titles_desc":"Scootercollectie te Brugge, met zeldzame exemplaren retro scooters uit 1940-70. Lambretta; Vespa; Puch en Heinkel \u2013 beleef de geschiedenis van de scooterindustrie.","_seopress_robots_index":"","_seopress_analysis_target_kw":"scootermerken 1940-1970,vintage scooters,klassieke scooters,retro scooters,scooter merken geschiedenis,historische scootermerken,iconische scootermerken,scootermuseum collectie,scooter merken collectie,Lambretta,Vespa,Moto Guzzi scooters,BSA scooters,Cushman scooters,Heinkel scooters,Raleigh scooters,Z\u00fcndapp scooters,Puch scooters,Kreidler scooters,Sachs scooters,NSU scooters,Gilera scooters,Bianchi scooters,Ducati scooters,Maico scooters,Laverda scooters,Parilla scooters,Moto Morini scooters,Aermacchi scooters,Piaggio scooters,scooters jaren '50,scooters jaren '60,scooters jaren '70,scooters uit de jaren '60,vintage Italiaanse scooters,retro Engelse scooters,retro Duitse scooters,klassieke Duitse scooters,klassieke Engelse scooters,klassieke Italiaanse scooters,oude scootermerken,scooter collectie Brugge,vintage scootercollectie Brugge,scooter historie Brugge,scootermuseum Brugge collectie,scooters van weleer,retro scooter tentoonstellingen,Lambretta Vespa collectie Brugge,scooter tentoonstellingen Brugge,scootermerken uit de jaren 60 en 70,vintage scooters van Lambretta en Vespa,historische scootercollectie Brugge,oude Italiaanse scootermerken,retro scooter tentoonstellingen in Brugge,klassieke Engelse scooters in het scootermuseum,BSA scooters in het scootermuseum Brugge,Moto Guzzi en Ducati scooters collectie,Z\u00fcndapp scooters te zien in Brugge,Puch scooters uit de jaren 50 en 60,beroemde scootermerken in het scootermuseum van Brugge,de geschiedenis van de Lambretta en Vespa,scootermerken van de jaren 60 in het scootermuseum,retro scootercollectie Brugge,scooters uit de jaren 50 tot 70 in Brugge,scooters van bekende merken in het scootermuseum,oude retro scooters uit Itali\u00eb en Engeland,de grootste vintage scootercollectie in Brugge,Minerva scooters,Minerva scooters in Brugge,klassieke Minerva scooters,retro Minerva scooters,scootermuseum Lambretta Vespa collectie,scooters uit de jaren 50,scooters uit de jaren 60,scooters uit de jaren 70,vintage scooters Belgi\u00eb,scooterhistorie Belgi\u00eb,retro scooter merken,Italiaanse scooters in Brugge,Belgische scootermerken,scooters uit Belgi\u00eb,scooter geschiedenis Brugge,historische scootermerken uit de jaren 60 en 70,de klassieke Minerva scooters uit Belgi\u00eb,scooters van beroemde Italiaanse merken,scootermuseum met Lambretta,en Minerva,de legendarische motoren en scooters van Minerva in Brugge,het verhaal van Minerva scooters in de Belgische geschiedenis,de grootste verzameling retro scooters in Brugge,retro scootermerken uit de jaren 50 en 60 in Brugge","footnotes":""},"class_list":["post-47","page","type-page","status-publish","hentry"],"acf":[],"_links":{"self":[{"href":"https:\/\/www.scooterworld.be\/de\/wp-json\/wp\/v2\/pages\/47","targetHints":{"allow":["GET"]}}],"collection":[{"href":"https:\/\/www.scooterworld.be\/de\/wp-json\/wp\/v2\/pages"}],"about":[{"href":"https:\/\/www.scooterworld.be\/de\/wp-json\/wp\/v2\/types\/page"}],"author":[{"embeddable":true,"href":"https:\/\/www.scooterworld.be\/de\/wp-json\/wp\/v2\/users\/1"}],"replies":[{"embeddable":true,"href":"https:\/\/www.scooterworld.be\/de\/wp-json\/wp\/v2\/comments?post=47"}],"version-history":[{"count":33,"href":"https:\/\/www.scooterworld.be\/de\/wp-json\/wp\/v2\/pages\/47\/revisions"}],"predecessor-version":[{"id":926,"href":"https:\/\/www.scooterworld.be\/de\/wp-json\/wp\/v2\/pages\/47\/revisions\/926"}],"wp:attachment":[{"href":"https:\/\/www.scooterworld.be\/de\/wp-json\/wp\/v2\/media?parent=47"}],"curies":[{"name":"wp","href":"https:\/\/api.w.org\/{rel}","templated":true}]}}