{"id":255,"date":"2025-01-03T14:10:58","date_gmt":"2025-01-03T14:10:58","guid":{"rendered":"https:\/\/www.mooof.be\/scootermuseum\/?page_id=255"},"modified":"2025-10-17T13:27:00","modified_gmt":"2025-10-17T13:27:00","slug":"boek-een-afspraak","status":"publish","type":"page","link":"https:\/\/www.scooterworld.be\/de\/boek-een-afspraak\/","title":{"rendered":"einen Termin buchen"},"content":{"rendered":"<p><strong>Vielen Dank, dass Sie mit uns Kontakt aufgenommen haben!<\/strong><\/p>\nM\u00f6chten Sie die Sammlung mit Ihren Oldtimer-Roller-Freunden besichtigen?<br \/>\nWenn ja, senden Sie bitte eine E-Mail-Nachricht an <a href=\"mailto:info@scooterworld.be\">info@scooterworld.be<\/a> Wir werden uns dann so schnell wie m\u00f6glich mit Ihnen in Verbindung setzen, um Ihnen bei der Planung Ihres Besuchs zu helfen.\n<p><a href=\"https:\/\/www.scooterworld.be\/de\/verkoop-sales\/\">Neu<\/a>Einige einzigartige Erinnerungsplaketten, Sonnenplaketten und eine Brosch\u00fcre \u00fcber die Scooterworld-Kollektion sind ebenfalls erh\u00e4ltlich.<\/p>\n\t\t\t\t\t\t\t\t\t<img loading=\"lazy\" decoding=\"async\" src=\"https:\/\/www.scooterworld.be\/wp-content\/uploads\/2025\/01\/TWN-Tessy.webp\" alt=\"TWN-Tessy\" itemprop=\"image\" height=\"547\" width=\"820\" srcset=\"https:\/\/www.scooterworld.be\/wp-content\/uploads\/2025\/01\/TWN-Tessy.webp 820w, https:\/\/www.scooterworld.be\/wp-content\/uploads\/2025\/01\/TWN-Tessy-300x200.webp 300w, https:\/\/www.scooterworld.be\/wp-content\/uploads\/2025\/01\/TWN-Tessy-768x512.webp 768w, https:\/\/www.scooterworld.be\/wp-content\/uploads\/2025\/01\/TWN-Tessy-18x12.webp 18w, https:\/\/www.scooterworld.be\/wp-content\/uploads\/2025\/01\/TWN-Tessy-24x16.webp 24w, https:\/\/www.scooterworld.be\/wp-content\/uploads\/2025\/01\/TWN-Tessy-36x24.webp 36w, https:\/\/www.scooterworld.be\/wp-content\/uploads\/2025\/01\/TWN-Tessy-48x32.webp 48w\" sizes=\"auto, (max-width: 820px) 100vw, 820px\" title=\"TWN-Tessy\" onerror=\"this.style.display='none'\"  \/>\n\t\t\t\t\t\t\t\t\t<img loading=\"lazy\" decoding=\"async\" src=\"https:\/\/www.scooterworld.be\/wp-content\/uploads\/2025\/01\/Minerva.webp\" alt=\"Minerva\" itemprop=\"image\" height=\"547\" width=\"820\" srcset=\"https:\/\/www.scooterworld.be\/wp-content\/uploads\/2025\/01\/Minerva.webp 820w, https:\/\/www.scooterworld.be\/wp-content\/uploads\/2025\/01\/Minerva-300x200.webp 300w, https:\/\/www.scooterworld.be\/wp-content\/uploads\/2025\/01\/Minerva-768x512.webp 768w, https:\/\/www.scooterworld.be\/wp-content\/uploads\/2025\/01\/Minerva-18x12.webp 18w, https:\/\/www.scooterworld.be\/wp-content\/uploads\/2025\/01\/Minerva-24x16.webp 24w, https:\/\/www.scooterworld.be\/wp-content\/uploads\/2025\/01\/Minerva-36x24.webp 36w, https:\/\/www.scooterworld.be\/wp-content\/uploads\/2025\/01\/Minerva-48x32.webp 48w\" sizes=\"auto, (max-width: 820px) 100vw, 820px\" title=\"Minerva\" onerror=\"this.style.display='none'\"  \/>\n\t\t\t\t\t\t\t\t\t<img loading=\"lazy\" decoding=\"async\" src=\"https:\/\/www.scooterworld.be\/wp-content\/uploads\/2025\/01\/Rohr-Rolletta.webp\" alt=\"R\u00f6hr-Rolletta\" itemprop=\"image\" height=\"547\" width=\"820\" srcset=\"https:\/\/www.scooterworld.be\/wp-content\/uploads\/2025\/01\/Rohr-Rolletta.webp 820w, https:\/\/www.scooterworld.be\/wp-content\/uploads\/2025\/01\/Rohr-Rolletta-300x200.webp 300w, https:\/\/www.scooterworld.be\/wp-content\/uploads\/2025\/01\/Rohr-Rolletta-768x512.webp 768w, https:\/\/www.scooterworld.be\/wp-content\/uploads\/2025\/01\/Rohr-Rolletta-18x12.webp 18w, https:\/\/www.scooterworld.be\/wp-content\/uploads\/2025\/01\/Rohr-Rolletta-24x16.webp 24w, https:\/\/www.scooterworld.be\/wp-content\/uploads\/2025\/01\/Rohr-Rolletta-36x24.webp 36w, https:\/\/www.scooterworld.be\/wp-content\/uploads\/2025\/01\/Rohr-Rolletta-48x32.webp 48w\" sizes=\"auto, (max-width: 820px) 100vw, 820px\" title=\"R\u00f6hr-Rolletta\" onerror=\"this.style.display='none'\"  \/>","protected":false},"excerpt":{"rendered":"<p>Tof dat je contact met ons opneemt! Wil je de collectie bezichtigen met je oldtimer scootervrienden? Stuur dan een mailbericht naar info@scooterworld.be , en wij nemen zo snel mogelijk contact met je op om je te helpen bij het plannen van je bezoek. Nieuw: Er zijn ook nog enkele unieke herinneringsbadges, zonnepetten en een boekje&hellip;<\/p>","protected":false},"author":1,"featured_media":0,"parent":0,"menu_order":0,"comment_status":"closed","ping_status":"closed","template":"","meta":{"_acf_changed":false,"_seopress_robots_primary_cat":"","_seopress_titles_title":"Plan Je Bezoek aan Scooter World in Brugge \u2013 Maak een afspraak","_seopress_titles_desc":"Scooter World is een priv\u00e9-initiatief, exclusief voor oldtimer-scooterliefhebbers en niet toegankelijk voor het brede publiek. Plan hier je bezoek met je club.","_seopress_robots_index":"","_seopress_analysis_target_kw":"afspraak scootermuseum Brugge,afspraak maken scootermuseum,scootermuseum Brugge reserveren,tickets scootermuseum Brugge,reserveren scootermuseum,bezoek scootermuseum Brugge,museum tickets Brugge,scootermuseum rondleiding reserveren,reserveren voor scootermuseum,museum Brugge afspraak,scootermuseum openingstijden,bezoek scootermuseum plannen,scootermuseum bezoek boeken,scootermuseum reserveren online,scootermuseum afspraak voor groepen,scooter museum Brugge reserveren,geschiedenis van scooters reserveren,tickets voor scooters Brugge,scootermuseum afspraak maken,rondleiding scootermuseum,scootermuseum Brugge tickets reserveren,scootermuseum voor families reserveren","footnotes":""},"class_list":["post-255","page","type-page","status-publish","hentry"],"acf":[],"_links":{"self":[{"href":"https:\/\/www.scooterworld.be\/de\/wp-json\/wp\/v2\/pages\/255","targetHints":{"allow":["GET"]}}],"collection":[{"href":"https:\/\/www.scooterworld.be\/de\/wp-json\/wp\/v2\/pages"}],"about":[{"href":"https:\/\/www.scooterworld.be\/de\/wp-json\/wp\/v2\/types\/page"}],"author":[{"embeddable":true,"href":"https:\/\/www.scooterworld.be\/de\/wp-json\/wp\/v2\/users\/1"}],"replies":[{"embeddable":true,"href":"https:\/\/www.scooterworld.be\/de\/wp-json\/wp\/v2\/comments?post=255"}],"version-history":[{"count":14,"href":"https:\/\/www.scooterworld.be\/de\/wp-json\/wp\/v2\/pages\/255\/revisions"}],"predecessor-version":[{"id":1614,"href":"https:\/\/www.scooterworld.be\/de\/wp-json\/wp\/v2\/pages\/255\/revisions\/1614"}],"wp:attachment":[{"href":"https:\/\/www.scooterworld.be\/de\/wp-json\/wp\/v2\/media?parent=255"}],"curies":[{"name":"wp","href":"https:\/\/api.w.org\/{rel}","templated":true}]}}