{"id":213,"date":"2025-01-03T09:35:50","date_gmt":"2025-01-03T09:35:50","guid":{"rendered":"https:\/\/www.mooof.be\/scootermuseum\/?page_id=213"},"modified":"2025-10-17T13:21:10","modified_gmt":"2025-10-17T13:21:10","slug":"contact","status":"publish","type":"page","link":"https:\/\/www.scooterworld.be\/de\/contact\/","title":{"rendered":"Kontakt"},"content":{"rendered":"<p><strong>Suchen Sie nach einem besonderen Ausflug mit Ihren Oldtimer-Roller-Freunden?<\/strong><\/p>\n<p>Dann kommen Sie vorbei und entdecken Sie die faszinierende Welt der Motorroller im Laufe der Jahre! Vereinbaren Sie einen Termin und lassen Sie sich von unserer umfangreichen Privatsammlung \u00fcberraschen.<\/p>\n<p><strong>Wir freuen uns darauf, Sie zu einer einzigartigen Reise durch die Rollergeschichte begr\u00fc\u00dfen zu d\u00fcrfen!<\/strong><\/p>\n\t<p><strong>Scooter World ist eine private Initiative, die sich ausschlie\u00dflich an Liebhaber von Oldtimer-Rollern richtet und nicht f\u00fcr die breite \u00d6ffentlichkeit zug\u00e4nglich ist.<\/strong><\/p>\n<strong>Die Rollersammlung kann nur nach Vereinbarung besichtigt werden.<\/strong><br \/>\n<strong>Ein Standardbesuch dauert etwa 1 Stunde.<\/strong><br \/>\n<strong>Sie k\u00f6nnen Ihren Besuch per Post anfordern bei <a href=\"mailto:info@scooterworld.be\">info@scooterworld.be<\/a><\/strong>\n<p>&nbsp;<\/p>\n<p><a href=\"https:\/\/www.scooterworld.be\/de\/verkoop-sales\/\">Neu<\/a>Einige einzigartige Erinnerungsplaketten, Sonnenplaketten und eine Brosch\u00fcre \u00fcber die Scooterworld-Kollektion sind ebenfalls erh\u00e4ltlich.<\/p>\n\t<h3>Parken in der N\u00e4he<\/h3>\n\tAlter St. Johannes-Parkplatz\n<ul>\n<li dir=\"ltr\" role=\"presentation\">2 Gehminuten entfernt<\/li>\n<li dir=\"ltr\" role=\"presentation\">Satz 2,5 Euro\/Stunde<\/li>\n<\/ul>\n\tRandparkplatz Bevrijdingslaan\n<ul>\n<li dir=\"ltr\" role=\"presentation\">einen 20-min\u00fctigen Spaziergang entfernt<\/li>\n<li dir=\"ltr\" role=\"presentation\">Kostenlos<\/li>\n<\/ul>\n\tParkhaus 't Zand\n<ul>\n<li dir=\"ltr\" role=\"presentation\">2 Gehminuten entfernt<\/li>\n<li dir=\"ltr\" role=\"presentation\"> bis zu 1 Stunde = kostenlos<\/li>\n<li dir=\"ltr\" role=\"presentation\">Tarif 3,8 Euro\/2 Stunden; 5,8 Euro\/3 Stunden<\/li>\n<\/ul>\n\tBahnhofsparkplatz\u00a0\n<ul>\n<li dir=\"ltr\" role=\"presentation\">9 Gehminuten entfernt<\/li>\n<li dir=\"ltr\" role=\"presentation\">Satz 1,2 Euro\/Stunde<\/li>\n<\/ul>","protected":false},"excerpt":{"rendered":"<p>Sind Sie auf der Suche nach einem besonderen Ausflug mit Ihren Oldtimer-Roller-Freunden? Dann kommen Sie mit und entdecken Sie die faszinierende Welt der Motorroller im Laufe der Jahre! Vereinbaren Sie einen Termin und lassen Sie sich von unserer umfangreichen Privatsammlung \u00fcberraschen. Wir freuen uns darauf, Sie zu einer einzigartigen Reise durch die Roller-Geschichte begr\u00fc\u00dfen zu d\u00fcrfen! Scooter...<\/p>","protected":false},"author":1,"featured_media":0,"parent":0,"menu_order":0,"comment_status":"closed","ping_status":"closed","template":"","meta":{"_acf_changed":false,"_seopress_robots_primary_cat":"","_seopress_titles_title":"Bezoek Scooter World in Brugge \u2013 Voor Scooterfans van alle leeftijden","_seopress_titles_desc":"Ben je op zoek naar een bijzondere uitstap met je oldtimer-scootervrienden? Kom dan langs en ontdek de rijke geschiedenis van scooters door de jaren heen!","_seopress_robots_index":"","_seopress_analysis_target_kw":"scootermuseum,scooter museum,scooter tour,scooter tickets,scooter uitje,bezoek scootermuseum,scootermuseum adres,scootermuseum locatie,routebeschrijving scootermuseum,scooterliefhebbers,geschiedenis van scooters,scootermuseum openingstijden,museum voor scooters,scooter evenement,contact scootermuseum,scootermuseum contact,scooter fan,familie uitje,museum voor motoren,scootermuseum nabij,scootermuseum in de buurt,scooters in de geschiedenis,iconen van de scooterindustrie","footnotes":""},"class_list":["post-213","page","type-page","status-publish","hentry"],"acf":[],"_links":{"self":[{"href":"https:\/\/www.scooterworld.be\/de\/wp-json\/wp\/v2\/pages\/213","targetHints":{"allow":["GET"]}}],"collection":[{"href":"https:\/\/www.scooterworld.be\/de\/wp-json\/wp\/v2\/pages"}],"about":[{"href":"https:\/\/www.scooterworld.be\/de\/wp-json\/wp\/v2\/types\/page"}],"author":[{"embeddable":true,"href":"https:\/\/www.scooterworld.be\/de\/wp-json\/wp\/v2\/users\/1"}],"replies":[{"embeddable":true,"href":"https:\/\/www.scooterworld.be\/de\/wp-json\/wp\/v2\/comments?post=213"}],"version-history":[{"count":17,"href":"https:\/\/www.scooterworld.be\/de\/wp-json\/wp\/v2\/pages\/213\/revisions"}],"predecessor-version":[{"id":1618,"href":"https:\/\/www.scooterworld.be\/de\/wp-json\/wp\/v2\/pages\/213\/revisions\/1618"}],"wp:attachment":[{"href":"https:\/\/www.scooterworld.be\/de\/wp-json\/wp\/v2\/media?parent=213"}],"curies":[{"name":"wp","href":"https:\/\/api.w.org\/{rel}","templated":true}]}}