{"id":1602,"date":"2025-10-17T12:49:00","date_gmt":"2025-10-17T12:49:00","guid":{"rendered":"https:\/\/www.scooterworld.be\/?page_id=1602"},"modified":"2025-12-15T21:37:22","modified_gmt":"2025-12-15T21:37:22","slug":"verkoop-sales","status":"publish","type":"page","link":"https:\/\/www.scooterworld.be\/de\/verkoop-sales\/","title":{"rendered":"Vertrieb \/ Verkauf"},"content":{"rendered":"<p>Im Laufe der Jahre wurden f\u00fcr die Teilnehmer an den Touren einmalige Abzeichen ausgegeben. Diejenigen, die noch ein fr\u00fcheres Exemplar erhalten m\u00f6chten, k\u00f6nnen sich an uns wenden.<\/p>\n<p>Unsere h\u00fcbschen Sonnenkappen und eine Brosch\u00fcre \u00fcber die atemberaubende Scooterworld-Kollektion sind w\u00e4hrend Ihres Besuchs ebenfalls auf Anfrage erh\u00e4ltlich.<\/p>\n<p>F\u00fcr weitere Informationen oder um Scooterworld zu besuchen, senden Sie eine E-Mail: <a href=\"mailto:info@scooterworld.be\">info@scooterworld.be<\/a><\/p>\n\t\t\t\t\t\t\t<h3>Rollerabzeichen TOF-Touren<\/h3>\n\t\t\t\t\t\t\t<p><img loading=\"lazy\" decoding=\"async\" src=\"https:\/\/www.scooterworld.be\/wp-content\/uploads\/2025\/10\/Schermafbeelding-2025-06-25-183728-300x300.jpg\" alt=\"\" width=\"300\" height=\"300\" \/><\/p>\t\t\t\t\t\t\t<a href=\"\" target=\"_self\">Preis 25 Euro inkl. Versand<\/a>\t\t\t\t\t\t\n\t\t\t\t\t\t\t<h3>Zonnepet \/ Franse retro-pet  &#8211; Toys of the 50&#8217;s<\/h3>\n\t\t\t\t\t\t\t<p><img loading=\"lazy\" decoding=\"async\" src=\"https:\/\/www.scooterworld.be\/wp-content\/uploads\/2025\/10\/Pet-TOF1-300x269.jpg\" alt=\"\" width=\"300\" height=\"269\" \/><\/p>\t\t\t\t\t\t\t<a href=\"\" target=\"_blank\">Erh\u00e4ltlich in Scooterworld f\u00fcr 20 \/ 25 Euro<\/a>\t\t\t\t\t\t\n\t\t\t\t\t\t\t<h3>Brosch\u00fcre (52blz A4) \u00fcber die Scooterworld-Kollektion.<\/h3>\n\t\t\t\t\t\t\t<p><img loading=\"lazy\" decoding=\"async\" src=\"https:\/\/www.scooterworld.be\/wp-content\/uploads\/2025\/10\/Boekje-scooterworld-219x300.jpg\" alt=\"\" width=\"219\" height=\"300\" \/><\/p>\t\t\t\t\t\t\t<a href=\"\" target=\"_blank\">Verf\u00fcgbar in Scooterworld<\/a>","protected":false},"excerpt":{"rendered":"<p>Door de jaren heen werd voor de deelnemers aan de rondritten unieke badges uitgereikt. Wie alsnog een vroeger exemplaar wenst te komen kan ons contacteren. Ook onze knappe zonnepetten en een boekje over de schitterende collectie scooters van Scooterworld is tijdens je bezoek op vraag verkrijgbaar. Voor meer info of een bezoekje aan Scooterworld mail&hellip;<\/p>","protected":false},"author":3,"featured_media":0,"parent":0,"menu_order":0,"comment_status":"closed","ping_status":"closed","template":"","meta":{"_acf_changed":false,"_seopress_robots_primary_cat":"","_seopress_titles_title":"Enkele herinneringen aan de scooterrondritten of bezoek aan Scooterworld zijn nog beschikbaar","_seopress_titles_desc":"Met onze club TOF (Toys of the 50's) organiseren we jaarlijks een scooterrondrit door West-Vlaanderen en Zeeuws-Vlaanderen. Bekijk de resterende badges  en zonnepetten of boekjes","_seopress_robots_index":"","_seopress_analysis_target_kw":"TOF boys scooterclub,scooterclub Belgi\u00eb,scootercommunity Belgi\u00eb,Belgische scooterclubs,TOF boys ritten,scooterliefhebbers Belgi\u00eb,scooter events Belgi\u00eb,Belgische scooter fans,TOF boys scooter evenementen,scooter ritten Belgi\u00eb,vriendschap scooterclub,Belgische scooterclub,TOF boys rondritten,scooter uitjes Belgi\u00eb,scooterfanatics Belgi\u00eb,scooter community Belgi\u00eb,TOF boys en scooter passie,Belgische scooter sfeerbeelden,TOF boys Belgi\u00eb scooterclub,Scooterbadge,Zonnepet,boekje Scooterworld","footnotes":""},"class_list":["post-1602","page","type-page","status-publish","hentry"],"acf":[],"_links":{"self":[{"href":"https:\/\/www.scooterworld.be\/de\/wp-json\/wp\/v2\/pages\/1602","targetHints":{"allow":["GET"]}}],"collection":[{"href":"https:\/\/www.scooterworld.be\/de\/wp-json\/wp\/v2\/pages"}],"about":[{"href":"https:\/\/www.scooterworld.be\/de\/wp-json\/wp\/v2\/types\/page"}],"author":[{"embeddable":true,"href":"https:\/\/www.scooterworld.be\/de\/wp-json\/wp\/v2\/users\/3"}],"replies":[{"embeddable":true,"href":"https:\/\/www.scooterworld.be\/de\/wp-json\/wp\/v2\/comments?post=1602"}],"version-history":[{"count":10,"href":"https:\/\/www.scooterworld.be\/de\/wp-json\/wp\/v2\/pages\/1602\/revisions"}],"predecessor-version":[{"id":1623,"href":"https:\/\/www.scooterworld.be\/de\/wp-json\/wp\/v2\/pages\/1602\/revisions\/1623"}],"wp:attachment":[{"href":"https:\/\/www.scooterworld.be\/de\/wp-json\/wp\/v2\/media?parent=1602"}],"curies":[{"name":"wp","href":"https:\/\/api.w.org\/{rel}","templated":true}]}}